{"id":148,"date":"2024-03-24T11:18:23","date_gmt":"2024-03-24T11:18:23","guid":{"rendered":"https:\/\/kapteniabc.ee\/?post_type=product&#038;p=148"},"modified":"2026-01-27T07:49:19","modified_gmt":"2026-01-27T07:49:19","slug":"kuni-200-gt-laevakipper","status":"publish","type":"product","link":"https:\/\/kapteniabc.ee\/ru\/product\/kuni-200-gt-laevakipper\/","title":{"rendered":"\u0428\u043a\u0438\u043f\u0435\u0440 \u0441\u0443\u0434\u043d\u0430 \u0434\u043e 200GT"},"content":{"rendered":"<p>[et_pb_section fb_built=&#8221;1&#8243; _builder_version=&#8221;4.16&#8243; custom_padding=&#8221;0px||||false|false&#8221; global_colors_info=&#8221;{}&#8221;][et_pb_row _builder_version=&#8221;4.16&#8243; background_size=&#8221;initial&#8221; background_position=&#8221;top_left&#8221; background_repeat=&#8221;repeat&#8221; width=&#8221;100%&#8221; custom_padding=&#8221;0px||0px||false|false&#8221; global_colors_info=&#8221;{}&#8221;][et_pb_column type=&#8221;4_4&#8243; _builder_version=&#8221;4.16&#8243; custom_padding=&#8221;|||&#8221; global_colors_info=&#8221;{}&#8221; custom_padding__hover=&#8221;|||&#8221;][et_pb_wc_breadcrumb _builder_version=&#8221;4.16&#8243; global_colors_info=&#8221;{}&#8221;][\/et_pb_wc_breadcrumb][et_pb_wc_cart_notice _builder_version=&#8221;4.16&#8243; global_colors_info=&#8221;{}&#8221;][\/et_pb_wc_cart_notice][\/et_pb_column][\/et_pb_row][et_pb_row column_structure=&#8221;1_2,1_2&#8243; _builder_version=&#8221;4.16&#8243; background_size=&#8221;initial&#8221; background_position=&#8221;top_left&#8221; background_repeat=&#8221;repeat&#8221; width=&#8221;100%&#8221; custom_padding=&#8221;0px||||false|false&#8221; global_colors_info=&#8221;{}&#8221;][et_pb_column type=&#8221;1_2&#8243; _builder_version=&#8221;4.16&#8243; custom_padding=&#8221;|||&#8221; global_colors_info=&#8221;{}&#8221; custom_padding__hover=&#8221;|||&#8221;][et_pb_wc_images _builder_version=&#8221;4.16&#8243; global_colors_info=&#8221;{}&#8221;][\/et_pb_wc_images][\/et_pb_column][et_pb_column type=&#8221;1_2&#8243; _builder_version=&#8221;4.16&#8243; custom_padding=&#8221;|||&#8221; global_colors_info=&#8221;{}&#8221; custom_padding__hover=&#8221;|||&#8221;][et_pb_wc_title _builder_version=&#8221;4.16&#8243; global_colors_info=&#8221;{}&#8221;][\/et_pb_wc_title][et_pb_wc_rating _builder_version=&#8221;4.16&#8243; global_colors_info=&#8221;{}&#8221;][\/et_pb_wc_rating][et_pb_wc_price _builder_version=&#8221;4.16&#8243; global_colors_info=&#8221;{}&#8221;][\/et_pb_wc_price][et_pb_wc_description _builder_version=&#8221;4.16&#8243; global_colors_info=&#8221;{}&#8221;][\/et_pb_wc_description][et_pb_wc_add_to_cart _builder_version=&#8221;4.16&#8243; global_colors_info=&#8221;{}&#8221;][\/et_pb_wc_add_to_cart][et_pb_button button_url=&#8221;#register&#8221; button_text=&#8221;Registreerin koolitusele&#8221; _builder_version=&#8221;4.27.4&#8243; _module_preset=&#8221;default&#8221; global_colors_info=&#8221;{}&#8221; locked=&#8221;off&#8221;][\/et_pb_button][et_pb_wc_meta _builder_version=&#8221;4.16&#8243; global_colors_info=&#8221;{}&#8221;][\/et_pb_wc_meta][\/et_pb_column][\/et_pb_row][et_pb_row _builder_version=&#8221;4.16&#8243; background_size=&#8221;initial&#8221; background_position=&#8221;top_left&#8221; background_repeat=&#8221;repeat&#8221; width=&#8221;100%&#8221; global_colors_info=&#8221;{}&#8221;][et_pb_column type=&#8221;4_4&#8243; _builder_version=&#8221;4.16&#8243; custom_padding=&#8221;|||&#8221; global_colors_info=&#8221;{}&#8221; custom_padding__hover=&#8221;|||&#8221;][et_pb_wc_tabs _builder_version=&#8221;4.16&#8243; global_colors_info=&#8221;{}&#8221;]\t\t\t\t\t[\/et_pb_wc_tabs][et_pb_wc_upsells _builder_version=&#8221;4.16&#8243; global_colors_info=&#8221;{}&#8221;][\/et_pb_wc_upsells][et_pb_wc_related_products _builder_version=&#8221;4.16&#8243; global_colors_info=&#8221;{}&#8221;][\/et_pb_wc_related_products][\/et_pb_column][\/et_pb_row][\/et_pb_section][et_pb_section fb_built=&#8221;1&#8243; admin_label=&#8221;Footer&#8221; _builder_version=&#8221;4.27.4&#8243; background_color=&#8221;#131736&#8243; use_background_color_gradient=&#8221;on&#8221; background_color_gradient_stops=&#8221;#131736 0%|rgba(19,23,54,0) 100%&#8221; background_color_gradient_overlays_image=&#8221;on&#8221; background_color_gradient_start=&#8221;#131736&#8243; background_color_gradient_end=&#8221;rgba(19,23,54,0)&#8221; background_image=&#8221;https:\/\/kapteniabc.ee\/wp-content\/uploads\/2024\/03\/golf_course_44.png&#8221; custom_margin=&#8221;0px||||false|false&#8221; animation_direction=&#8221;bottom&#8221; hover_enabled=&#8221;0&#8243; global_colors_info=&#8221;{}&#8221; module_id=&#8221;register&#8221; sticky_enabled=&#8221;0&#8243;][et_pb_row _builder_version=&#8221;4.16&#8243; animation_style=&#8221;slide&#8221; animation_direction=&#8221;bottom&#8221; animation_duration=&#8221;600ms&#8221; animation_intensity_slide=&#8221;10%&#8221; global_colors_info=&#8221;{}&#8221;][et_pb_column type=&#8221;4_4&#8243; _builder_version=&#8221;4.16&#8243; custom_padding=&#8221;|||&#8221; global_colors_info=&#8221;{}&#8221; custom_padding__hover=&#8221;|||&#8221;][et_pb_text _builder_version=&#8221;4.16&#8243; text_font=&#8221;||||||||&#8221; header_font=&#8221;||||||||&#8221; header_2_font=&#8221;Oswald|500||on|on|||#81c100|&#8221; header_2_font_size=&#8221;48px&#8221; header_2_line_height=&#8221;1.6em&#8221; text_orientation=&#8221;center&#8221; background_layout=&#8221;dark&#8221; header_2_font_size_tablet=&#8221;32px&#8221; header_2_font_size_phone=&#8221;24px&#8221; header_2_font_size_last_edited=&#8221;on|tablet&#8221; global_colors_info=&#8221;{}&#8221;]<\/p>\n<h2>Kapteniabc<\/h2>\n<p>[\/et_pb_text][et_pb_text _builder_version=&#8221;4.27.4&#8243; text_font=&#8221;||||||||&#8221; text_font_size=&#8221;16px&#8221; text_line_height=&#8221;1.8em&#8221; text_orientation=&#8221;center&#8221; background_layout=&#8221;dark&#8221; global_colors_info=&#8221;{}&#8221;]<\/p>\n<p><span>+372 56 24 24 70<\/span><\/p>\n<p><span>info@kapteniabc.ee<\/span><\/p>\n<p>[\/et_pb_text][\/et_pb_column][\/et_pb_row][et_pb_row _builder_version=&#8221;4.24.2&#8243; _module_preset=&#8221;default&#8221; global_colors_info=&#8221;{}&#8221;][et_pb_column type=&#8221;4_4&#8243; _builder_version=&#8221;4.24.2&#8243; _module_preset=&#8221;default&#8221; global_colors_info=&#8221;{}&#8221;][et_pb_contact_form use_spam_service=&#8221;on&#8221; recaptcha_list=&#8221;Google-0&#8243; email=&#8221;info@kapteniabc.ee&#8221; custom_message=&#8221;%%Name%%||et_pb_line_break_holder||%%Email%%||et_pb_line_break_holder||%%Teema%%||et_pb_line_break_holder||%%Message%%&#8221; use_redirect=&#8221;on&#8221; redirect_url=&#8221;https:\/\/kapteniabc.ee\/teie-sonum-on-edukalt-saadetud\/?v=08a4415e9d59&#8243; success_message=&#8221;Saadetud&#8221; submit_button_text=&#8221;Saada&#8221; _builder_version=&#8221;4.27.4&#8243; _module_preset=&#8221;default&#8221; _unique_id=&#8221;4da93941-391a-4cf9-98cb-18c920645a83&#8243; global_colors_info=&#8221;{}&#8221;][et_pb_contact_field field_id=&#8221;Name&#8221; field_title=&#8221;Nimi&#8221; _builder_version=&#8221;4.24.2&#8243; global_colors_info=&#8221;{}&#8221; button_text_size__hover_enabled=&#8221;off&#8221; button_one_text_size__hover_enabled=&#8221;off&#8221; button_two_text_size__hover_enabled=&#8221;off&#8221; button_text_color__hover_enabled=&#8221;off&#8221; button_one_text_color__hover_enabled=&#8221;off&#8221; button_two_text_color__hover_enabled=&#8221;off&#8221; button_border_width__hover_enabled=&#8221;off&#8221; button_one_border_width__hover_enabled=&#8221;off&#8221; button_two_border_width__hover_enabled=&#8221;off&#8221; button_border_color__hover_enabled=&#8221;off&#8221; button_one_border_color__hover_enabled=&#8221;off&#8221; button_two_border_color__hover_enabled=&#8221;off&#8221; button_border_radius__hover_enabled=&#8221;off&#8221; button_one_border_radius__hover_enabled=&#8221;off&#8221; button_two_border_radius__hover_enabled=&#8221;off&#8221; button_letter_spacing__hover_enabled=&#8221;off&#8221; button_one_letter_spacing__hover_enabled=&#8221;off&#8221; button_two_letter_spacing__hover_enabled=&#8221;off&#8221; button_bg_color__hover_enabled=&#8221;off&#8221; button_one_bg_color__hover_enabled=&#8221;off&#8221; button_two_bg_color__hover_enabled=&#8221;off&#8221;][\/et_pb_contact_field][et_pb_contact_field field_id=&#8221;Email&#8221; field_title=&#8221;Meili aadress&#8221; field_type=&#8221;email&#8221; _builder_version=&#8221;4.24.2&#8243; global_colors_info=&#8221;{}&#8221; button_text_size__hover_enabled=&#8221;off&#8221; button_one_text_size__hover_enabled=&#8221;off&#8221; button_two_text_size__hover_enabled=&#8221;off&#8221; button_text_color__hover_enabled=&#8221;off&#8221; button_one_text_color__hover_enabled=&#8221;off&#8221; button_two_text_color__hover_enabled=&#8221;off&#8221; button_border_width__hover_enabled=&#8221;off&#8221; button_one_border_width__hover_enabled=&#8221;off&#8221; button_two_border_width__hover_enabled=&#8221;off&#8221; button_border_color__hover_enabled=&#8221;off&#8221; button_one_border_color__hover_enabled=&#8221;off&#8221; button_two_border_color__hover_enabled=&#8221;off&#8221; button_border_radius__hover_enabled=&#8221;off&#8221; button_one_border_radius__hover_enabled=&#8221;off&#8221; button_two_border_radius__hover_enabled=&#8221;off&#8221; button_letter_spacing__hover_enabled=&#8221;off&#8221; button_one_letter_spacing__hover_enabled=&#8221;off&#8221; button_two_letter_spacing__hover_enabled=&#8221;off&#8221; button_bg_color__hover_enabled=&#8221;off&#8221; button_one_bg_color__hover_enabled=&#8221;off&#8221; button_two_bg_color__hover_enabled=&#8221;off&#8221;][\/et_pb_contact_field][et_pb_contact_field field_id=&#8221;Teema&#8221; field_title=&#8221;Teema&#8221; fullwidth_field=&#8221;on&#8221; _builder_version=&#8221;4.24.2&#8243; _module_preset=&#8221;default&#8221; global_colors_info=&#8221;{}&#8221;][\/et_pb_contact_field][et_pb_contact_field field_id=&#8221;Message&#8221; field_title=&#8221;S\u00f5num&#8221; field_type=&#8221;text&#8221; fullwidth_field=&#8221;on&#8221; _builder_version=&#8221;4.24.2&#8243; global_colors_info=&#8221;{}&#8221; button_text_size__hover_enabled=&#8221;off&#8221; button_one_text_size__hover_enabled=&#8221;off&#8221; button_two_text_size__hover_enabled=&#8221;off&#8221; button_text_color__hover_enabled=&#8221;off&#8221; button_one_text_color__hover_enabled=&#8221;off&#8221; button_two_text_color__hover_enabled=&#8221;off&#8221; button_border_width__hover_enabled=&#8221;off&#8221; button_one_border_width__hover_enabled=&#8221;off&#8221; button_two_border_width__hover_enabled=&#8221;off&#8221; button_border_color__hover_enabled=&#8221;off&#8221; button_one_border_color__hover_enabled=&#8221;off&#8221; button_two_border_color__hover_enabled=&#8221;off&#8221; button_border_radius__hover_enabled=&#8221;off&#8221; button_one_border_radius__hover_enabled=&#8221;off&#8221; button_two_border_radius__hover_enabled=&#8221;off&#8221; button_letter_spacing__hover_enabled=&#8221;off&#8221; button_one_letter_spacing__hover_enabled=&#8221;off&#8221; button_two_letter_spacing__hover_enabled=&#8221;off&#8221; button_bg_color__hover_enabled=&#8221;off&#8221; button_one_bg_color__hover_enabled=&#8221;off&#8221; button_two_bg_color__hover_enabled=&#8221;off&#8221;][\/et_pb_contact_field][\/et_pb_contact_form][\/et_pb_column][\/et_pb_row][\/et_pb_section]<\/p>","protected":false},"excerpt":{"rendered":"<p align=\"justify\">\u0426\u0435\u043b\u044c \u0443\u0447\u0435\u0431\u043d\u043e\u0439 \u043f\u0440\u043e\u0433\u0440\u0430\u043c\u043c\u044b, \u0440\u0430\u0437\u0440\u0430\u0431\u043e\u0442\u0430\u043d\u043d\u043e\u0439 KapteniABC, \u0437\u0430\u043a\u043b\u044e\u0447\u0430\u0435\u0442\u0441\u044f \u0432 \u043f\u0440\u0435\u0434\u043e\u0441\u0442\u0430\u0432\u043b\u0435\u043d\u0438\u0438 \u0442\u0435\u043e\u0440\u0435\u0442\u0438\u0447\u0435\u0441\u043a\u0438\u0445 \u0437\u043d\u0430\u043d\u0438\u0439 \u0434\u043b\u044f \u043e\u0431\u0443\u0447\u0430\u0435\u043c\u044b\u0445, \u0440\u0430\u0431\u043e\u0442\u0430\u044e\u0449\u0438\u0445 \u0432 \u043a\u0430\u0447\u0435\u0441\u0442\u0432\u0435 \u0432\u0430\u0445\u0442\u0435\u043d\u043d\u043e\u0433\u043e \u0448\u0442\u0443\u0440\u043c\u0430\u043d\u0430 \u0438 \u043a\u0430\u043f\u0438\u0442\u0430\u043d\u0430 \u043d\u0430 \u0441\u0443\u0434\u0430\u0445 \u0441 \u0432\u043e\u0434\u043e\u0438\u0437\u043c\u0435\u0449\u0435\u043d\u0438\u0435\u043c \u043c\u0435\u043d\u0435\u0435 200 \u0431\u0440\u0443\u0442\u0442\u043e-\u0440\u0435\u0433\u0438\u0441\u0442\u0440\u043e\u0432\u044b\u0445 \u0442\u043e\u043d\u043d. \u041d\u0430 \u043e\u0431\u0443\u0447\u0435\u043d\u0438\u0435 \u0434\u043e\u043f\u0443\u0441\u043a\u0430\u044e\u0442\u0441\u044f \u043b\u0438\u0446\u0430, \u0438\u043c\u0435\u044e\u0449\u0438\u0435 \u043a\u0430\u043a \u043c\u0438\u043d\u0438\u043c\u0443\u043c \u043e\u0441\u043d\u043e\u0432\u043d\u043e\u0435 \u043e\u0431\u0440\u0430\u0437\u043e\u0432\u0430\u043d\u0438\u0435 \u0438 \u0441\u0432\u0438\u0434\u0435\u0442\u0435\u043b\u044c\u0441\u0442\u0432\u043e \u043c\u0430\u043b\u043e\u043c\u0435\u0440\u043d\u043e\u0433\u043e \u0441\u0443\u0434\u043e\u0432\u043e\u0434\u0438\u0442\u0435\u043b\u044f. \u0418\u0441\u043a\u043b\u044e\u0447\u0435\u043d\u0438\u044f \u0441\u043e\u0441\u0442\u0430\u0432\u043b\u044f\u044e\u0442 \u043b\u0438\u0446\u0430, \u043f\u0440\u043e\u0445\u043e\u0434\u044f\u0449\u0438\u0435 \u043d\u0430  \u0434\u0430\u043d\u043d\u044b\u0439 \u043c\u043e\u043c\u0435\u043d\u0442 \u043e\u0431\u0443\u0447\u0435\u043d\u0438\u0435 \u043d\u0430 \u043a\u0430\u043f\u0438\u0442\u0430\u043d\u0430 \u043c\u0430\u043b\u043e\u043c\u0435\u0440\u043d\u043e\u0433\u043e \u0441\u0443\u0434\u043d\u0430\/ <\/p>\n<p>\u041c\u0430\u043a\u0441\u0438\u043c\u0430\u043b\u044c\u043d\u043e\u0435 \u043a\u043e\u043b\u0438\u0447\u0435\u0441\u0442\u0432\u043e \u0443\u0447\u0435\u043d\u0438\u043a\u043e\u0432 12 \u0447\u0435\u043b.<\/p>","protected":false},"featured_media":672,"template":"","meta":{"_et_pb_use_builder":"on","_et_pb_old_content":"<p align=\"justify\">P\u00e4rast koolituse l\u00e4bimist on v\u00f5imalik taotlema allj\u00e4rgnevad tunnistused<\/p>\r\n<p align=\"justify\"><strong>V\u00e4iksema kui 50-se kogumahutavusega laeva rannas\u00f5idukipri:<\/strong><\/p>\r\n\u2022 Tunnistuse saamiseks on vajalik:\r\n1) rannas\u00f5idukipri ja piiranguga raadiosideoperaatori koolitus;\r\n2) v\u00e4hemalt kuus kuud meres\u00f5idupraktikat navigatsioonivahis laeval kogupikkusega 12 meetrit v\u00f5i enam v\u00f5i v\u00e4ikelaevajuhina laeval kogupikkusega alla 12 meetri v\u00f5i v\u00e4ikelaeval, millega korraldatakse tasu eest vabaajareise, v\u00f5i \u00f5ppelaeval.\r\n\u2022 Tunnistus v\u00e4ljastatakse v\u00e4hemalt 18-aastasele isikule.\r\n\u2022 V\u00e4iksema kui 50-se kogumahutavusega laeva rannas\u00f5idukipri tunnistuse omanik v\u00f5ib t\u00f6\u00f6tada kiprina kohalikus rannas\u00f5idus v\u00e4iksema kui 50-se kogumahutavusega laeval.\r\n\r\n<strong>V\u00e4iksema kui 200-se kogumahutavusega laeva vahit\u00fc\u00fcrimehe tunnistus:<\/strong>\r\n\r\n\u2022 Tunnistuse 1 saamiseks on vajalik:\r\n1) kipri ja piiranguga raadiosideoperaatori koolitus;\r\n2) v\u00e4hemalt kuus kuud meres\u00f5idupraktikat navigatsioonivahis laeval kogumahutavusega 50 v\u00f5i enam v\u00f5i \u00f5ppelaeval.\r\n\u2022 Tunnistus v\u00e4ljastatakse v\u00e4hemalt 18-aastasele isikule.\r\n\u2022 Tunnistuse 1 omanik v\u00f5ib t\u00f6\u00f6tada:\r\n1) vahit\u00fc\u00fcrimehena l\u00e4his\u00f5idus v\u00e4iksema kui 200-se kogumahutavusega kalap\u00fc\u00fcgilaeval;\r\n2) kiprina kohalikus rannas\u00f5idus v\u00e4iksema kui 50-se kogumahutavusega laeval;\r\n3) vahit\u00fc\u00fcrimehena kohalikus rannas\u00f5idus v\u00e4iksema kui 200-se kogumahutavusega laeval;\r\n4) vahit\u00fc\u00fcrimehena l\u00e4his\u00f5idus v\u00e4iksema kui 200-se kogumahutavusega ajaloolisel laeval.\r\n\r\n<strong>V\u00e4iksema kui 200-se kogumahutavusega laeva kipri tunnistus:<\/strong>\r\n\u2022 Tunnistuse 2 saamiseks on vajalik:\r\n1) v\u00e4iksema kui 200-se kogumahutavusega laeva vahit\u00fc\u00fcrimehe tunnistus;\r\n2) v\u00e4hemalt 12 kuud meres\u00f5idupraktikat vahit\u00fc\u00fcrimehena laeval kogumahutavusega 50 v\u00f5i enam;\r\n3) eksami sooritamine Veeteede Ameti komisjoni ees.\r\n\u2022 Tunnistus v\u00e4ljastatakse v\u00e4hemalt 20-aastasele isikule.\r\n\u2022 Tunnistuse 2 omanik v\u00f5ib t\u00f6\u00f6tada:\r\n1) kiprina l\u00e4his\u00f5idus v\u00e4iksema kui 200-se kogumahutavusega kalap\u00fc\u00fcgilaeval;\r\n2) kiprina kohalikus rannas\u00f5idus v\u00e4iksema kui 200-se kogumahutavusega laeval;\r\n3) kiprina kohalikus rannas\u00f5idus v\u00e4iksema kui 200-se kogumahutavusega reisilaeval, kui tal on v\u00e4hemalt 12 kuud meres\u00f5idupraktikat kiprina laeval kogumahutavusega 100 v\u00f5i enam;\r\n4) vahit\u00fc\u00fcrimehena l\u00e4his\u00f5idus v\u00e4iksema kui 200-se kogumahutavusega kalap\u00fc\u00fcgilaeval;\r\n5) kiprina l\u00e4his\u00f5idus v\u00e4iksema kui 200-se kogumahutavusega ajaloolisel laeval, kui tal on v\u00e4hemalt 12 kuud meres\u00f5idupraktikat kiprina laeval kogumahutavusega 50 v\u00f5i enam.","_et_gb_content_width":""},"product_brand":[],"product_cat":[18],"product_tag":[],"class_list":{"0":"post-148","1":"product","2":"type-product","3":"status-publish","4":"has-post-thumbnail","6":"product_cat-maaramata","8":"first","9":"instock","10":"shipping-taxable","11":"purchasable","12":"product-type-simple"},"_links":{"self":[{"href":"https:\/\/kapteniabc.ee\/ru\/wp-json\/wp\/v2\/product\/148","targetHints":{"allow":["GET"]}}],"collection":[{"href":"https:\/\/kapteniabc.ee\/ru\/wp-json\/wp\/v2\/product"}],"about":[{"href":"https:\/\/kapteniabc.ee\/ru\/wp-json\/wp\/v2\/types\/product"}],"wp:featuredmedia":[{"embeddable":true,"href":"https:\/\/kapteniabc.ee\/ru\/wp-json\/wp\/v2\/media\/672"}],"wp:attachment":[{"href":"https:\/\/kapteniabc.ee\/ru\/wp-json\/wp\/v2\/media?parent=148"}],"wp:term":[{"taxonomy":"product_brand","embeddable":true,"href":"https:\/\/kapteniabc.ee\/ru\/wp-json\/wp\/v2\/product_brand?post=148"},{"taxonomy":"product_cat","embeddable":true,"href":"https:\/\/kapteniabc.ee\/ru\/wp-json\/wp\/v2\/product_cat?post=148"},{"taxonomy":"product_tag","embeddable":true,"href":"https:\/\/kapteniabc.ee\/ru\/wp-json\/wp\/v2\/product_tag?post=148"}],"curies":[{"name":"wp","href":"https:\/\/api.w.org\/{rel}","templated":true}]}}